{"id":56,"date":"2024-02-06T14:26:51","date_gmt":"2024-02-06T13:26:51","guid":{"rendered":"https:\/\/www.alsofashiondesignstudio.com\/?page_id=56"},"modified":"2026-01-13T18:16:40","modified_gmt":"2026-01-13T17:16:40","slug":"contact-bureau-de-style-freelance","status":"publish","type":"page","link":"https:\/\/www.alsofashiondesignstudio.com\/fr\/contact-bureau-de-style-freelance\/","title":{"rendered":"Les informations utiles pour nous contacter"},"content":{"rendered":"<p><video autoplay=\"autoplay\" loop=\"loop\" muted=\"\" width=\"320\" height=\"180\"><source src=\"https:\/\/www.alsofashiondesignstudio.com\/wp-content\/uploads\/videos\/prospective-veille-tendance-conseil-style-anticiper-envie-mode-textile-design-objet-decoration-maison.mp4\" type=\"video\/mp4\" \/><meta itemprop=\"name\" content=\"15 rue de Versailles, Beaupr\u00e9au, 49600 Beaupr\u00e9au en Mauges, France\" \/><br \/>\n<meta itemprop=\"description\" content=\"Les informations utiles pour nous contacter. Notre bureau de style freelance situ\u00e9 au 15 rue de Versailles, Beaupr\u00e9au, 49600 Beaupr\u00e9au en Mauges, France est \u00e0 votre \u00e9coute.\" \/><\/video><\/p>\n<h2 class=\"wp-block-heading\">Notre bureau de style freelance est \u00e0 votre \u00e9coute<\/h2>\n<h3 class=\"wp-block-heading\">Par t\u00e9l\u00e9phone et messageries<\/h3>\n<p><strong>Nous vous r\u00e9pondons du lundi au vendredi de 9h00 \u00e0 13h00 et de 14h30 \u00e0 17h30.<\/strong><br \/>\nNotre site est accessible tous les jours de l\u2019ann\u00e9e. Sachez toutefois que nos \u00e9quipes sont indisponibles les samedis, les dimanches, les veilles de jours f\u00e9ri\u00e9s, et les jours f\u00e9ri\u00e9s. Enfin, merci de noter que nous ne r\u00e9pondons ni aux num\u00e9ros masqu\u00e9s, ni aux num\u00e9ros identifi\u00e9s comme \u201cd\u00e9marchage\u201d ou \u201cmalveillant\u201d\u2026<\/p>\n<p><strong>T\u00e9l\u00e9phone :<\/strong>\u00a0<a href=\"tel:+33272771170\">+33 (0) 272.771.170<\/a><br \/>\n<em>Appel non surtax\u00e9 depuis une ligne mobile, une ligne fixe, ou une box en France m\u00e9tropolitaine.<\/em><\/p>\n<p><strong>Whatsapp<\/strong> : <a href=\"https:\/\/wa.me\/33601857323\" rel=\"nofollow noopener\">~ALSO FashionDesignStudio<\/a><br \/>\n<strong>Messenger :<\/strong> <a href=\"https:\/\/www.messenger.com\/t\/1728717387383335\" rel=\"nofollow noopener\">@maison.also.fashion<\/a><br \/>\n<strong>LinkedIn :<\/strong> <a href=\"https:\/\/www.linkedin.com\/company\/alsofashion\/\" rel=\"nofollow noopener\">@company\/alsofashion<\/a><br \/>\n<strong>Instagram :<\/strong>\u00a0<a href=\"https:\/\/www.instagram.com\/direct\/t\/117285379665230\/\" rel=\"nofollow noopener\">@alsofashiondesignstudio<\/a><br \/>\n<strong>Contact par e-mail :<\/strong>\u00a0<a href=\"#contact_form\">Formulaire de contact<\/a><\/p>\n<h3>Horaires d\u2019accueil<\/h3>\n<h4><strong>Accueil du public et des professionnels sur site,<\/strong><br \/>\n<strong>uniquement sur rendez-vous pr\u00e9alable !<\/strong><\/h4>\n<p><strong>Du lundi au vendredi de 9h00 \u00e0 13h00 et de 14h30 \u00e0 17h30.<\/strong><br \/>\nNos bureaux sont ferm\u00e9s les samedis, les dimanches, les veilles de jours f\u00e9ri\u00e9s, et les jours f\u00e9ri\u00e9s.<\/p>\n<h2>Nos coordonn\u00e9es<\/h2>\n<h3>Si\u00e8ge sociale<\/h3>\n<p><strong>ALSO.Fashion Design Studio, ALSO Fashion S.A.S.<\/strong><br \/>\n15 rue de Versailles, Beaupr\u00e9au<br \/>\n49600 Beaupr\u00e9au en Mauges<br \/>\nFrance<\/p>\n<h3>Sur les r\u00e9seaux sociaux<\/h3>\n<p>LinkedIn : <a class=\"linkedin\" href=\"https:\/\/www.linkedin.com\/company\/alsofashion\/\" rel=\"nofollow noopener\">@alsofashion<\/a><br \/>\nBehance : <a class=\"behance\" href=\"https:\/\/www.behance.net\/ALSOFashionDesign\" rel=\"nofollow noopener\">@ALSOFashionDesign<\/a><br \/>\nInstagram : <a class=\"instagram\" href=\"https:\/\/www.instagram.com\/alsofashiondesignstudio\/\" rel=\"nofollow noopener\">@alsofashiondesignstudio<\/a><br \/>\nFacebook : <a class=\"facebook\" href=\"https:\/\/www.facebook.com\/maison.also.fashion\" rel=\"nofollow noopener\">@maison.also.fashion<\/a><br \/>\nPinterest : <a class=\"pinterest\" href=\"https:\/\/www.pinterest.com\/ALSOFashionDesisgnStudio\/\" rel=\"nofollow noopener\">@ALSOFashionDesisgnStudio<\/a><br \/>\nYouTube : <a class=\"youtube\" href=\"https:\/\/www.youtube.com\/channel\/UCEKawmooAjNcI7_FCbDWkqg\" rel=\"nofollow noopener\">@alsofashiondesignstudio4569<\/a><br \/>\nThreads : <a class=\"threads\" href=\"https:\/\/www.threads.net\/@alsofashiondesignstudio\" rel=\"nofollow noopener\">@alsofashiondesignstudio<\/a><br \/>\nX Twitter :\u00a0<a class=\"twitter\" href=\"https:\/\/www.x.com\/ALSOFashionDS\" rel=\"nofollow noopener\">@ALSOFashionDS<\/a><\/p>\n<h3>Plan et itin\u00e9raire<\/h3>\n<h4><strong>Coordonn\u00e9es GPS<\/strong><\/h4>\n<p><strong>Latitude<\/strong>\u00a047.205366<br \/>\n<strong>Longitude<\/strong>\u00a0-0.981035<\/p>\n<h4>Plan d\u2019acc\u00e8s<\/h4>\n<p><iframe loading=\"lazy\" style=\"border: 0;\" src=\"https:\/\/www.google.com\/maps\/embed?pb=!1m14!1m8!1m3!1d10842.288480964551!2d-0.9809916!3d47.2053868!3m2!1i1024!2i768!4f13.1!3m3!1m2!1s0x480615fed194764b%3A0xfdaf8c1c52b8a068!2sALSO%20Fashion!5e0!3m2!1sfr!2sfr!4v1696412346092!5m2!1sfr!2sfr\" width=\"100%\" height=\"480px\" allowfullscreen=\"allowfullscreen\"><\/iframe><\/p>\n<h2 id=\"contact_form\">Formulaire de contact<\/h2>\n<p><strong>Besoin d\u2019une information ? Une question \u00e0 nous poser ? Ou bien juste l\u2019envie de nous poster un message en passant ?\u2026<\/strong> N\u2019h\u00e9sitez pas \u00e0 nous \u00e9crire \u00e0 l\u2019aide du formulaire mis \u00e0 votre disposition ci-dessous. Nous vous r\u00e9pondrons directement par e-mail ou par t\u00e9l\u00e9phone. <em>Notez que les champs marqu\u00e9 d&rsquo;une \u00e9toile \u00ab<strong>*<\/strong>\u00bb sont obligatoires pour l&rsquo;envoi de votre message.<\/em><\/p>\n\n<div class=\"wpcf7 no-js\" id=\"wpcf7-f25-o1\" lang=\"fr-FR\" dir=\"ltr\" data-wpcf7-id=\"25\">\n<div class=\"screen-reader-response\"><p role=\"status\" aria-live=\"polite\" aria-atomic=\"true\"><\/p> <ul><\/ul><\/div>\n<form action=\"\/fr\/wp-json\/wp\/v2\/pages\/56#wpcf7-f25-o1\" method=\"post\" class=\"wpcf7-form init\" aria-label=\"Formulaire de contact\" novalidate=\"novalidate\" data-status=\"init\">\n<fieldset class=\"hidden-fields-container\"><input type=\"hidden\" name=\"_wpcf7\" value=\"25\" \/><input type=\"hidden\" name=\"_wpcf7_version\" value=\"6.1.5\" \/><input type=\"hidden\" name=\"_wpcf7_locale\" value=\"fr_FR\" \/><input type=\"hidden\" name=\"_wpcf7_unit_tag\" value=\"wpcf7-f25-o1\" \/><input type=\"hidden\" name=\"_wpcf7_container_post\" value=\"0\" \/><input type=\"hidden\" name=\"_wpcf7_posted_data_hash\" value=\"\" \/>\n<\/fieldset>\n<p><label> Civilit\u00e9<br \/>\n<span class=\"wpcf7-form-control-wrap\" data-name=\"sender-civility\"><span class=\"wpcf7-form-control wpcf7-radio\"><span class=\"wpcf7-list-item first\"><label><input type=\"radio\" name=\"sender-civility\" value=\"Madame\" checked=\"checked\" \/><span class=\"wpcf7-list-item-label\">Madame<\/span><\/label><\/span><span class=\"wpcf7-list-item last\"><label><input type=\"radio\" name=\"sender-civility\" value=\"Monsieur\" \/><span class=\"wpcf7-list-item-label\">Monsieur<\/span><\/label><\/span><\/span><\/span><br \/>\n<\/label>\n<\/p>\n<p><label> Nom*<br \/>\n<span class=\"wpcf7-form-control-wrap\" data-name=\"sender-lastname\"><input size=\"40\" maxlength=\"400\" class=\"wpcf7-form-control wpcf7-text wpcf7-validates-as-required\" aria-required=\"true\" aria-invalid=\"false\" value=\"\" type=\"text\" name=\"sender-lastname\" \/><\/span><br \/>\n<\/label>\n<\/p>\n<p><label> Pr\u00e9nom*<br \/>\n<span class=\"wpcf7-form-control-wrap\" data-name=\"sender-firstname\"><input size=\"40\" maxlength=\"400\" class=\"wpcf7-form-control wpcf7-text wpcf7-validates-as-required\" aria-required=\"true\" aria-invalid=\"false\" value=\"\" type=\"text\" name=\"sender-firstname\" \/><\/span><br \/>\n<\/label>\n<\/p>\n<p><label> Soci\u00e9t\u00e9 ou \u00e9tablissement*<br \/>\n<span class=\"wpcf7-form-control-wrap\" data-name=\"sender-company\"><input size=\"40\" maxlength=\"400\" class=\"wpcf7-form-control wpcf7-text wpcf7-validates-as-required\" aria-required=\"true\" aria-invalid=\"false\" value=\"\" type=\"text\" name=\"sender-company\" \/><\/span><br \/>\n<\/label>\n<\/p>\n<p><label> Adresse e-mail*<br \/>\n<span class=\"wpcf7-form-control-wrap\" data-name=\"sender-email\"><input size=\"40\" maxlength=\"400\" class=\"wpcf7-form-control wpcf7-email wpcf7-validates-as-required wpcf7-text wpcf7-validates-as-email\" aria-required=\"true\" aria-invalid=\"false\" value=\"\" type=\"email\" name=\"sender-email\" \/><\/span><br \/>\n<\/label>\n<\/p>\n<p><label> T\u00e9l\u00e9phone*<br \/>\n<span class=\"wpcf7-form-control-wrap\" data-name=\"sender-telephone\"><input size=\"40\" maxlength=\"400\" class=\"wpcf7-form-control wpcf7-tel wpcf7-validates-as-required wpcf7-text wpcf7-validates-as-tel\" aria-required=\"true\" aria-invalid=\"false\" value=\"\" type=\"tel\" name=\"sender-telephone\" \/><\/span><br \/>\n<\/label>\n<\/p>\n<p><label> Objet de votre demande*<br \/>\n<span class=\"wpcf7-form-control-wrap\" data-name=\"sender-objet\"><input size=\"40\" maxlength=\"400\" class=\"wpcf7-form-control wpcf7-text wpcf7-validates-as-required\" aria-required=\"true\" aria-invalid=\"false\" value=\"\" type=\"text\" name=\"sender-objet\" \/><\/span><br \/>\n<\/label>\n<\/p>\n<p><label> Votre message*<br \/>\n<span class=\"wpcf7-form-control-wrap\" data-name=\"sender-message\"><textarea cols=\"40\" rows=\"10\" maxlength=\"2000\" class=\"wpcf7-form-control wpcf7-textarea wpcf7-validates-as-required\" aria-required=\"true\" aria-invalid=\"false\" name=\"sender-message\"><\/textarea><\/span><br \/>\n<\/label>\n<\/p>\n<p><input class=\"wpcf7-form-control wpcf7-submit has-spinner\" type=\"submit\" value=\"Envoyer mon message\" \/>\n<\/p><div class=\"wpcf7-response-output\" aria-hidden=\"true\"><\/div>\n<\/form>\n<\/div>\n\n","protected":false},"excerpt":{"rendered":"<p>Notre bureau de style freelance est \u00e0 votre \u00e9coute Par t\u00e9l\u00e9phone et messageries Nous vous r\u00e9pondons du lundi au vendredi&#8230;<\/p>\n","protected":false},"author":1,"featured_media":0,"parent":0,"menu_order":47,"comment_status":"closed","ping_status":"closed","template":"","meta":{"footnotes":""},"class_list":["post-56","page","type-page","status-publish","hentry"],"jetpack_sharing_enabled":true,"amp_enabled":true,"_links":{"self":[{"href":"https:\/\/www.alsofashiondesignstudio.com\/fr\/wp-json\/wp\/v2\/pages\/56","targetHints":{"allow":["GET"]}}],"collection":[{"href":"https:\/\/www.alsofashiondesignstudio.com\/fr\/wp-json\/wp\/v2\/pages"}],"about":[{"href":"https:\/\/www.alsofashiondesignstudio.com\/fr\/wp-json\/wp\/v2\/types\/page"}],"author":[{"embeddable":true,"href":"https:\/\/www.alsofashiondesignstudio.com\/fr\/wp-json\/wp\/v2\/users\/1"}],"replies":[{"embeddable":true,"href":"https:\/\/www.alsofashiondesignstudio.com\/fr\/wp-json\/wp\/v2\/comments?post=56"}],"version-history":[{"count":25,"href":"https:\/\/www.alsofashiondesignstudio.com\/fr\/wp-json\/wp\/v2\/pages\/56\/revisions"}],"predecessor-version":[{"id":12557,"href":"https:\/\/www.alsofashiondesignstudio.com\/fr\/wp-json\/wp\/v2\/pages\/56\/revisions\/12557"}],"wp:attachment":[{"href":"https:\/\/www.alsofashiondesignstudio.com\/fr\/wp-json\/wp\/v2\/media?parent=56"}],"curies":[{"name":"wp","href":"https:\/\/api.w.org\/{rel}","templated":true}]}}