{"id":688,"date":"2024-02-28T17:46:39","date_gmt":"2024-02-28T16:46:39","guid":{"rendered":"https:\/\/www.alsofashiondesignstudio.com\/?page_id=688"},"modified":"2026-01-12T12:12:04","modified_gmt":"2026-01-12T11:12:04","slug":"creation-de-marque-design-strategie","status":"publish","type":"page","link":"https:\/\/www.alsofashiondesignstudio.com\/fr\/bureau-de-style-et-de-tendance\/creation-de-marque-design-strategie\/","title":{"rendered":"La cr\u00e9ation de marque, du design graphique \u00e0 son positionnement et sa strat\u00e9gie"},"content":{"rendered":"","protected":true},"excerpt":{"rendered":"","protected":true},"author":1,"featured_media":0,"parent":39,"menu_order":17,"comment_status":"closed","ping_status":"closed","template":"","meta":{"footnotes":""},"class_list":["post-688","page","type-page","status-publish","post-password-required","hentry"],"jetpack_sharing_enabled":true,"amp_enabled":true,"_links":{"self":[{"href":"https:\/\/www.alsofashiondesignstudio.com\/fr\/wp-json\/wp\/v2\/pages\/688","targetHints":{"allow":["GET"]}}],"collection":[{"href":"https:\/\/www.alsofashiondesignstudio.com\/fr\/wp-json\/wp\/v2\/pages"}],"about":[{"href":"https:\/\/www.alsofashiondesignstudio.com\/fr\/wp-json\/wp\/v2\/types\/page"}],"author":[{"embeddable":true,"href":"https:\/\/www.alsofashiondesignstudio.com\/fr\/wp-json\/wp\/v2\/users\/1"}],"replies":[{"embeddable":true,"href":"https:\/\/www.alsofashiondesignstudio.com\/fr\/wp-json\/wp\/v2\/comments?post=688"}],"version-history":[{"count":7,"href":"https:\/\/www.alsofashiondesignstudio.com\/fr\/wp-json\/wp\/v2\/pages\/688\/revisions"}],"predecessor-version":[{"id":1765,"href":"https:\/\/www.alsofashiondesignstudio.com\/fr\/wp-json\/wp\/v2\/pages\/688\/revisions\/1765"}],"up":[{"embeddable":true,"href":"https:\/\/www.alsofashiondesignstudio.com\/fr\/wp-json\/wp\/v2\/pages\/39"}],"wp:attachment":[{"href":"https:\/\/www.alsofashiondesignstudio.com\/fr\/wp-json\/wp\/v2\/media?parent=688"}],"curies":[{"name":"wp","href":"https:\/\/api.w.org\/{rel}","templated":true}]}}